{"id":10057,"date":"2021-04-13T23:16:04","date_gmt":"2021-04-13T21:16:04","guid":{"rendered":"https:\/\/dobner.it\/?page_id=10057"},"modified":"2025-05-20T11:08:34","modified_gmt":"2025-05-20T09:08:34","slug":"cookie-policy","status":"publish","type":"page","link":"https:\/\/dobner.it\/it\/cookie-policy\/","title":{"rendered":"Cookie Policy"},"content":{"rendered":"\t\t<div data-elementor-type=\"wp-page\" data-elementor-id=\"10057\" class=\"elementor elementor-10057\">\n\t\t\t\t\t\t\t\t\t<section class=\"elementor-section elementor-top-section elementor-element elementor-element-475e1e70 elementor-section-boxed elementor-section-height-default elementor-section-height-default\" data-id=\"475e1e70\" data-element_type=\"section\">\n\t\t\t\t\t\t<div class=\"elementor-container elementor-column-gap-default\">\n\t\t\t\t\t<div class=\"elementor-column elementor-col-100 elementor-top-column elementor-element elementor-element-2b9935\" data-id=\"2b9935\" data-element_type=\"column\">\n\t\t\t<div class=\"elementor-column-wrap--2b9935 elementor-widget-wrap elementor-element-populated\">\n\t\t\t\t\t\t\t\t<div class=\"elementor-element elementor-element-17875923 elementor-widget elementor-widget-text-editor\" data-id=\"17875923\" data-element_type=\"widget\" data-widget_type=\"text-editor.default\">\n\t\t\t\t<div class=\"elementor-widget-container\">\n\t\t\t\t\t\t\t<h2>Cosa sono i cookie<\/h2><p>Un cookie \u00e8 un file di piccole dimensioni che viene inviato al browser e salvato sul tuo dispositivo quando visiti un sito internet come dobner.it (\u201cil sito\u201d). I cookie permettono un funzionamento efficiente del sito e ne migliorano le prestazioni, inoltre forniscono informazioni al proprietario del sito per fini statistici o pubblicitari, principalmente per personalizzare la tua esperienza di navigazione ricordando le tue preferenze (per esempio ricordare la lingua e la valuta che hai impostato, per riconoscerti alla visita successiva, ecc.).<\/p><h2>Cookie utilizzati da questo sito<\/h2><p>I Il sito dobner.it utilizza cookie di tipo tecnico e di terze parti. Questi cookie permettono all\u2019utente un agevole utilizzo del sito ed un pi\u00f9 facile reperimento delle informazioni, semplificando la connessione e le trasmissioni di dati tra utente e sito.<\/p><p>In particolare utilizziamo:<\/p><ul><li><strong>cookie di navigazione o di sessione temporanei e permanenti:<\/strong> garantiscono la normale navigazione e fruizione del sito web permettendo, ad esempio, di salvare informazioni inerenti alla navigazione, a memorizzare dati per mantenere la sessione di navigazione attiva e\/o salvare informazioni inerenti alle impostazioni \u201cfull screen\u201d on\/off nella navigazione del sito.<\/li><li><strong>cookie ANALYTICS di TERZE PARTI:<\/strong> usiamo cookie analytics (Google Analytics\u200b) in forma anonimizzata per raccogliere informazioni sull\u2019utilizzo del nostro sito senza avere dati riguardanti gli indirizzi IP dei singoli utenti. Tali cookie, assimilabili ai cookie tecnici, sono trattati in forma aggregata per monitorare le aree del sito maggiormente visitate, migliorare i contenuti del sito, facilitarne l\u2019uso da parte dell\u2019utente e monitorare il corretto funzionamento del sito.<\/li><li><strong>cookie di FACEBOOK PIXEL:<\/strong> servono a monitorare le interazioni degli utenti con le campagne pubblicitarie su Facebook Ads e con il sito web. Nello specifico, con il pixel di Facebook si possono seguire le interazioni degli utenti con il sito web dopo che gli stessi utenti hanno visualizzato l\u2019annuncio sul social network.<\/li><\/ul><h2>Cookie tecnici che non richiedono consenso<\/h2><p>Cookie relativi ad attivit\u00e0 strettamente necessarie al funzionamento del sito e all\u2019erogazione del servizio Cookie relativi ad attivit\u00e0 di salvataggio delle preferenze e ottimizzazione Cookie di statistica utilizzati direttamente dal gestore del sito per raccogliere informazioni in forma aggregata Tutti i cookie tecnici non richiedono consenso, perci\u00f2 vengono installati automaticamente a seguito dell\u2019accesso al sito.<\/p><h2>Cookie per cui \u00e8 richiesto il consenso<\/h2><p>Tutti i cookie diversi da quelli tecnici sopra indicati vengono installati o attivati solo a seguito del consenso espresso dall\u2019utente la prima volta che visita il sito. Il consenso pu\u00f2 essere espresso in maniera generale, interagendo con il banner di informativa breve presente sulla pagina di approdo del sito, secondo le modalit\u00e0 indicate in tale banner (cliccando sul tasto OK o sul tasto ACCETTO); oppure pu\u00f2 essere negato in maniera selettiva, cliccando sul tasto RIFIUTO, ovvero secondo le modalit\u00e0 di seguito indicate. Di questo consenso viene tenuta traccia in occasione delle visite successive. Tuttavia, l\u2019utente ha sempre la possibilit\u00e0 di revocare in tutto o in parte il consenso gi\u00e0 espresso.<\/p><h2>Cookie di social network<\/h2><p>Vengono utilizzati per la condivisione di contenuti sui social network. Troverai di seguito il nome dei terzi che li gestiscono, e per ciascuno di essi il link alla pagina nella quale potrai ricevere le informazioni sul trattamento e esprimere il tuo consenso.<\/p><ul><li>Facebook: <a href=\"http:\/\/www.facebook.com\/about\/privacy\/\">http:\/\/www.facebook.com\/about\/privacy\/<\/a><\/li><li>Instagram: <a href=\"https:\/\/instagram.com\/legal\/cookies\/\">https:\/\/instagram.com\/legal\/cookies\/<\/a><\/li><\/ul><h2>Cookie di statistica<\/h2><p>Vengono utilizzati da terze parti, anche in forma disaggregata, per la gestione di statistiche Troverai di seguito il nome dei terzi che li gestiscono, e per ciascuno di essi il link alla pagina nella quale potrai ricevere le informazioni sul trattamento ed esprimere il tuo consenso.<\/p><ul><li>Google Analytics \/ Google Universal Analytics <a href=\"https:\/\/support.google.com\/analytics\/answer\/6004245\">https:\/\/support.google.com\/analytics\/answer\/6004245<\/a><\/li><\/ul><h2>Come posso disabilitare i cookie e gestire le mie preferenze?<\/h2><p>Puoi gestire le tue preferenze sui cookie anche attraverso il browser. Ti ricordiamo tuttavia che disabilitare i cookie di navigazione o quelli funzionali pu\u00f2 causare malfunzionamenti del sito e\/o limitare il servizio che offriamo. Se non conosci il tipo e la versione di browser che stai utilizzando, clicca su \u201cAiuto\u201d nella finestra del browser in alto, da cui puoi accedere a tutte le informazioni necessarie. Se invece conosci il tuo browser clicca su quello che stai utilizzando per accedere alla pagina di gestione dei cookie.<\/p><ul><li>Internet Explorer <a href=\"http:\/\/windows.microsoft.com\/en-us\/windows-vista\/block-or-allow-cookies\">http:\/\/windows.microsoft.com\/en-us\/windows-vista\/block-or-allow-cookies<\/a><\/li><li>Google Chrome <a href=\"https:\/\/support.google.com\/accounts\/answer\/61416?hl=it\">https:\/\/support.google.com\/accounts\/answer\/61416?hl=it<\/a><\/li><li>Mozilla Firefox <a href=\"http:\/\/support.mozilla.org\/en-US\/kb\/Enabling%20and%20disabling%20cookies\">http:\/\/support.mozilla.org\/en-US\/kb\/Enabling%20and%20disabling%20cookies<\/a><\/li><li>Safari <a href=\"http:\/\/www.apple.com\/legal\/privacy\/\">http:\/\/www.apple.com\/legal\/privacy\/<\/a><\/li><\/ul><p>Per maggiori informazioni, visita la pagina <a href=\"https:\/\/www.youronlinechoices.eu\/\">www.youronlinechoices.eu<\/a><\/p>\t\t\t\t\t\t<\/div>\n\t\t\t\t<\/div>\n\t\t\t\t\t<\/div>\n\t\t<\/div>\n\t\t\t\t\t\t\t<\/div>\n\t\t<\/section>\n\t\t\t\t\t\t\t<\/div>\n\t\t","protected":false},"excerpt":{"rendered":"<p>Cosa sono i cookie Un cookie \u00e8 un file di piccole dimensioni che viene inviato al browser e salvato sul tuo dispositivo quando visiti un sito internet come dobner.it (\u201cil sito\u201d). I cookie permettono un funzionamento efficiente del sito e ne migliorano le prestazioni, inoltre forniscono informazioni al proprietario del sito per fini statistici o [&hellip;]<\/p>\n","protected":false},"author":1,"featured_media":0,"parent":0,"menu_order":0,"comment_status":"closed","ping_status":"closed","template":"template-policies.php","meta":{"footnotes":""},"class_list":["post-10057","page","type-page","status-publish","hentry"],"acf":[],"yoast_head":"<!-- This site is optimized with the Yoast SEO plugin v26.4 - https:\/\/yoast.com\/wordpress\/plugins\/seo\/ -->\n<title>Cookie Policy - Dobner<\/title>\n<meta name=\"robots\" content=\"index, follow, max-snippet:-1, max-image-preview:large, max-video-preview:-1\" \/>\n<link rel=\"canonical\" href=\"https:\/\/dobner.it\/it\/cookie-policy\/\" \/>\n<meta property=\"og:locale\" content=\"it_IT\" \/>\n<meta property=\"og:type\" content=\"article\" \/>\n<meta property=\"og:title\" content=\"Cookie Policy - Dobner\" \/>\n<meta property=\"og:description\" content=\"Cosa sono i cookie Un cookie \u00e8 un file di piccole dimensioni che viene inviato al browser e salvato sul tuo dispositivo quando visiti un sito internet come dobner.it (\u201cil sito\u201d). I cookie permettono un funzionamento efficiente del sito e ne migliorano le prestazioni, inoltre forniscono informazioni al proprietario del sito per fini statistici o [&hellip;]\" \/>\n<meta property=\"og:url\" content=\"https:\/\/dobner.it\/it\/cookie-policy\/\" \/>\n<meta property=\"og:site_name\" content=\"Dobner\" \/>\n<meta property=\"article:modified_time\" content=\"2025-05-20T09:08:34+00:00\" \/>\n<meta name=\"twitter:card\" content=\"summary_large_image\" \/>\n<meta name=\"twitter:label1\" content=\"Tempo di lettura stimato\" \/>\n\t<meta name=\"twitter:data1\" content=\"4 minuti\" \/>\n<script type=\"application\/ld+json\" class=\"yoast-schema-graph\">{\"@context\":\"https:\/\/schema.org\",\"@graph\":[{\"@type\":\"WebPage\",\"@id\":\"https:\/\/dobner.it\/it\/cookie-policy\/\",\"url\":\"https:\/\/dobner.it\/it\/cookie-policy\/\",\"name\":\"Cookie Policy - Dobner\",\"isPartOf\":{\"@id\":\"https:\/\/dobner.it\/it\/#website\"},\"datePublished\":\"2021-04-13T21:16:04+00:00\",\"dateModified\":\"2025-05-20T09:08:34+00:00\",\"breadcrumb\":{\"@id\":\"https:\/\/dobner.it\/it\/cookie-policy\/#breadcrumb\"},\"inLanguage\":\"it-IT\",\"potentialAction\":[{\"@type\":\"ReadAction\",\"target\":[\"https:\/\/dobner.it\/it\/cookie-policy\/\"]}]},{\"@type\":\"BreadcrumbList\",\"@id\":\"https:\/\/dobner.it\/it\/cookie-policy\/#breadcrumb\",\"itemListElement\":[{\"@type\":\"ListItem\",\"position\":1,\"name\":\"Home\",\"item\":\"https:\/\/dobner.it\/it\/\"},{\"@type\":\"ListItem\",\"position\":2,\"name\":\"Cookie Policy\"}]},{\"@type\":\"WebSite\",\"@id\":\"https:\/\/dobner.it\/it\/#website\",\"url\":\"https:\/\/dobner.it\/it\/\",\"name\":\"Dobner\",\"description\":\"\",\"publisher\":{\"@id\":\"https:\/\/dobner.it\/it\/#organization\"},\"potentialAction\":[{\"@type\":\"SearchAction\",\"target\":{\"@type\":\"EntryPoint\",\"urlTemplate\":\"https:\/\/dobner.it\/it\/?s={search_term_string}\"},\"query-input\":{\"@type\":\"PropertyValueSpecification\",\"valueRequired\":true,\"valueName\":\"search_term_string\"}}],\"inLanguage\":\"it-IT\"},{\"@type\":\"Organization\",\"@id\":\"https:\/\/dobner.it\/it\/#organization\",\"name\":\"Dobner\",\"url\":\"https:\/\/dobner.it\/it\/\",\"logo\":{\"@type\":\"ImageObject\",\"inLanguage\":\"it-IT\",\"@id\":\"https:\/\/dobner.it\/it\/#\/schema\/logo\/image\/\",\"url\":\"https:\/\/dobner.it\/wp-content\/uploads\/2020\/10\/logo-email.png\",\"contentUrl\":\"https:\/\/dobner.it\/wp-content\/uploads\/2020\/10\/logo-email.png\",\"width\":188,\"height\":81,\"caption\":\"Dobner\"},\"image\":{\"@id\":\"https:\/\/dobner.it\/it\/#\/schema\/logo\/image\/\"}}]}<\/script>\n<!-- \/ Yoast SEO plugin. -->","yoast_head_json":{"title":"Cookie Policy - Dobner","robots":{"index":"index","follow":"follow","max-snippet":"max-snippet:-1","max-image-preview":"max-image-preview:large","max-video-preview":"max-video-preview:-1"},"canonical":"https:\/\/dobner.it\/it\/cookie-policy\/","og_locale":"it_IT","og_type":"article","og_title":"Cookie Policy - Dobner","og_description":"Cosa sono i cookie Un cookie \u00e8 un file di piccole dimensioni che viene inviato al browser e salvato sul tuo dispositivo quando visiti un sito internet come dobner.it (\u201cil sito\u201d). I cookie permettono un funzionamento efficiente del sito e ne migliorano le prestazioni, inoltre forniscono informazioni al proprietario del sito per fini statistici o [&hellip;]","og_url":"https:\/\/dobner.it\/it\/cookie-policy\/","og_site_name":"Dobner","article_modified_time":"2025-05-20T09:08:34+00:00","twitter_card":"summary_large_image","twitter_misc":{"Tempo di lettura stimato":"4 minuti"},"schema":{"@context":"https:\/\/schema.org","@graph":[{"@type":"WebPage","@id":"https:\/\/dobner.it\/it\/cookie-policy\/","url":"https:\/\/dobner.it\/it\/cookie-policy\/","name":"Cookie Policy - Dobner","isPartOf":{"@id":"https:\/\/dobner.it\/it\/#website"},"datePublished":"2021-04-13T21:16:04+00:00","dateModified":"2025-05-20T09:08:34+00:00","breadcrumb":{"@id":"https:\/\/dobner.it\/it\/cookie-policy\/#breadcrumb"},"inLanguage":"it-IT","potentialAction":[{"@type":"ReadAction","target":["https:\/\/dobner.it\/it\/cookie-policy\/"]}]},{"@type":"BreadcrumbList","@id":"https:\/\/dobner.it\/it\/cookie-policy\/#breadcrumb","itemListElement":[{"@type":"ListItem","position":1,"name":"Home","item":"https:\/\/dobner.it\/it\/"},{"@type":"ListItem","position":2,"name":"Cookie Policy"}]},{"@type":"WebSite","@id":"https:\/\/dobner.it\/it\/#website","url":"https:\/\/dobner.it\/it\/","name":"Dobner","description":"","publisher":{"@id":"https:\/\/dobner.it\/it\/#organization"},"potentialAction":[{"@type":"SearchAction","target":{"@type":"EntryPoint","urlTemplate":"https:\/\/dobner.it\/it\/?s={search_term_string}"},"query-input":{"@type":"PropertyValueSpecification","valueRequired":true,"valueName":"search_term_string"}}],"inLanguage":"it-IT"},{"@type":"Organization","@id":"https:\/\/dobner.it\/it\/#organization","name":"Dobner","url":"https:\/\/dobner.it\/it\/","logo":{"@type":"ImageObject","inLanguage":"it-IT","@id":"https:\/\/dobner.it\/it\/#\/schema\/logo\/image\/","url":"https:\/\/dobner.it\/wp-content\/uploads\/2020\/10\/logo-email.png","contentUrl":"https:\/\/dobner.it\/wp-content\/uploads\/2020\/10\/logo-email.png","width":188,"height":81,"caption":"Dobner"},"image":{"@id":"https:\/\/dobner.it\/it\/#\/schema\/logo\/image\/"}}]}},"_links":{"self":[{"href":"https:\/\/dobner.it\/it\/wp-json\/wp\/v2\/pages\/10057","targetHints":{"allow":["GET"]}}],"collection":[{"href":"https:\/\/dobner.it\/it\/wp-json\/wp\/v2\/pages"}],"about":[{"href":"https:\/\/dobner.it\/it\/wp-json\/wp\/v2\/types\/page"}],"author":[{"embeddable":true,"href":"https:\/\/dobner.it\/it\/wp-json\/wp\/v2\/users\/1"}],"replies":[{"embeddable":true,"href":"https:\/\/dobner.it\/it\/wp-json\/wp\/v2\/comments?post=10057"}],"version-history":[{"count":1,"href":"https:\/\/dobner.it\/it\/wp-json\/wp\/v2\/pages\/10057\/revisions"}],"predecessor-version":[{"id":84110,"href":"https:\/\/dobner.it\/it\/wp-json\/wp\/v2\/pages\/10057\/revisions\/84110"}],"wp:attachment":[{"href":"https:\/\/dobner.it\/it\/wp-json\/wp\/v2\/media?parent=10057"}],"curies":[{"name":"wp","href":"https:\/\/api.w.org\/{rel}","templated":true}]}}